{"id":40,"date":"2025-09-28T21:29:46","date_gmt":"2025-09-28T21:29:46","guid":{"rendered":"https:\/\/edifica.com.py\/?page_id=40"},"modified":"2025-10-08T22:56:00","modified_gmt":"2025-10-08T22:56:00","slug":"cotiza-aqui","status":"publish","type":"page","link":"https:\/\/edifica.com.py\/index.php\/cotiza-aqui\/","title":{"rendered":"Cotiza aqu\u00ed"},"content":{"rendered":"\n<style class=\"has-global-padding is-layout-constrained wp-block-group-is-layout-constrained is-style-section-1--1\" id=\"wpforms-css-vars-79-block-e1d0be26-3917-485e-9a24-a99cd3851773\">\n\t\t\t\t#wpforms-79.wpforms-block-e1d0be26-3917-485e-9a24-a99cd3851773 {\n\t\t\t\t--wpforms-field-size-input-height: 43px;\n--wpforms-field-size-input-spacing: 15px;\n--wpforms-field-size-font-size: 16px;\n--wpforms-field-size-line-height: 19px;\n--wpforms-field-size-padding-h: 14px;\n--wpforms-field-size-checkbox-size: 16px;\n--wpforms-field-size-sublabel-spacing: 5px;\n--wpforms-field-size-icon-size: 1;\n--wpforms-label-size-font-size: 16px;\n--wpforms-label-size-line-height: 19px;\n--wpforms-label-size-sublabel-font-size: 14px;\n--wpforms-label-size-sublabel-line-height: 17px;\n--wpforms-button-size-font-size: 17px;\n--wpforms-button-size-height: 41px;\n--wpforms-button-size-padding-h: 15px;\n--wpforms-button-size-margin-top: 10px;\n\t\t\t}\n\t\t\t<\/style><div class=\"wpforms-container wpforms-container-full wpforms-block wpforms-block-e1d0be26-3917-485e-9a24-a99cd3851773 wpforms-render-modern\" id=\"wpforms-79\"><form id=\"wpforms-form-79\" class=\"wpforms-validate wpforms-form wpforms-ajax-form\" data-formid=\"79\" method=\"post\" enctype=\"multipart\/form-data\" action=\"\/index.php\/wp-json\/wp\/v2\/pages\/40\" data-token=\"eacfce7b295be3421ad68552a41113da\" data-token-time=\"1778360526\"><noscript class=\"wpforms-error-noscript\">Por favor, activa JavaScript en tu navegador para completar este formulario.<\/noscript><div id=\"wpforms-error-noscript\" style=\"display: none;\">Por favor, activa JavaScript en tu navegador para completar este formulario.<\/div><div class=\"wpforms-field-container\">\t\t<div id=\"wpforms-79-field_5-container\"\n\t\t\tclass=\"wpforms-field wpforms-field-text\"\n\t\t\tdata-field-type=\"text\"\n\t\t\tdata-field-id=\"5\"\n\t\t\t>\n\t\t\t<label class=\"wpforms-field-label\" for=\"wpforms-79-field_5\" >electr\u00f3nico Nombre Mensaje<\/label>\n\t\t\t<input type=\"text\" id=\"wpforms-79-field_5\" class=\"wpforms-field-medium\" name=\"wpforms[fields][5]\" >\n\t\t<\/div>\n\t\t<div id=\"wpforms-79-field_1-container\" class=\"wpforms-field wpforms-field-name\" data-field-id=\"1\"><fieldset><legend class=\"wpforms-field-label\">Nombre <span class=\"wpforms-required-label\" aria-hidden=\"true\">*<\/span><\/legend><div class=\"wpforms-field-row wpforms-field-medium\"><div class=\"wpforms-field-row-block wpforms-first wpforms-one-half\"><input type=\"text\" id=\"wpforms-79-field_1\" class=\"wpforms-field-name-first wpforms-field-required\" name=\"wpforms[fields][1][first]\" aria-errormessage=\"wpforms-79-field_1-error\" required><label for=\"wpforms-79-field_1\" class=\"wpforms-field-sublabel after\">Nombre<\/label><\/div><div class=\"wpforms-field-row-block wpforms-one-half\"><input type=\"text\" id=\"wpforms-79-field_1-last\" class=\"wpforms-field-name-last wpforms-field-required\" name=\"wpforms[fields][1][last]\" aria-errormessage=\"wpforms-79-field_1-last-error\" required><label for=\"wpforms-79-field_1-last\" class=\"wpforms-field-sublabel after\">Apellidos<\/label><\/div><\/div><\/fieldset><\/div><div id=\"wpforms-79-field_2-container\" class=\"wpforms-field wpforms-field-email\" data-field-id=\"2\"><label class=\"wpforms-field-label\" for=\"wpforms-79-field_2\">Correo electr\u00f3nico <span class=\"wpforms-required-label\" aria-hidden=\"true\">*<\/span><\/label><input type=\"email\" id=\"wpforms-79-field_2\" class=\"wpforms-field-medium wpforms-field-required\" name=\"wpforms[fields][2]\" spellcheck=\"false\" aria-errormessage=\"wpforms-79-field_2-error\" required><\/div><div id=\"wpforms-79-field_4-container\" class=\"wpforms-field wpforms-field-email\" data-field-id=\"4\"><label class=\"wpforms-field-label\" for=\"wpforms-79-field_4\">Tel\u00e9fono <span class=\"wpforms-required-label\" aria-hidden=\"true\">*<\/span><\/label><input type=\"email\" id=\"wpforms-79-field_4\" class=\"wpforms-field-medium wpforms-field-required\" name=\"wpforms[fields][4]\" spellcheck=\"false\" aria-errormessage=\"wpforms-79-field_4-error\" required><\/div><div id=\"wpforms-79-field_3-container\" class=\"wpforms-field wpforms-field-textarea\" data-field-id=\"3\"><label class=\"wpforms-field-label\" for=\"wpforms-79-field_3\">Mensaje<\/label><textarea id=\"wpforms-79-field_3\" class=\"wpforms-field-medium\" name=\"wpforms[fields][3]\" aria-errormessage=\"wpforms-79-field_3-error\" ><\/textarea><\/div><script>\n\t\t\t\t( function() {\n\t\t\t\t\tconst style = document.createElement( 'style' );\n\t\t\t\t\tstyle.appendChild( document.createTextNode( '#wpforms-79-field_5-container { position: absolute !important; overflow: hidden !important; display: inline !important; height: 1px !important; width: 1px !important; z-index: -1000 !important; padding: 0 !important; } #wpforms-79-field_5-container input { visibility: hidden; } #wpforms-conversational-form-page #wpforms-79-field_5-container label { counter-increment: none; }' ) );\n\t\t\t\t\tdocument.head.appendChild( style );\n\t\t\t\t\tdocument.currentScript?.remove();\n\t\t\t\t} )();\n\t\t\t<\/script><\/div><!-- .wpforms-field-container --><div class=\"wpforms-submit-container\" ><input type=\"hidden\" name=\"wpforms[id]\" value=\"79\"><input type=\"hidden\" name=\"page_title\" value=\"\"><input type=\"hidden\" name=\"page_url\" value=\"https:\/\/edifica.com.py\/index.php\/wp-json\/wp\/v2\/pages\/40\"><input type=\"hidden\" name=\"url_referer\" value=\"\"><button type=\"submit\" name=\"wpforms[submit]\" id=\"wpforms-submit-79\" class=\"wpforms-submit\" data-alt-text=\"Enviando...\" data-submit-text=\"Enviar\" aria-live=\"assertive\" value=\"wpforms-submit\">Enviar<\/button><img decoding=\"async\" src=\"https:\/\/edifica.com.py\/wp-content\/plugins\/wpforms-lite\/assets\/images\/submit-spin.svg\" class=\"wpforms-submit-spinner\" style=\"display: none;\" width=\"26\" height=\"26\" alt=\"Cargando\"><\/div><\/form><\/div>  <!-- .wpforms-container -->\n\n\n\n\n\n\n","protected":false},"excerpt":{"rendered":"","protected":false},"author":1,"featured_media":0,"parent":0,"menu_order":0,"comment_status":"closed","ping_status":"closed","template":"","meta":{"footnotes":""},"class_list":["post-40","page","type-page","status-publish","hentry"],"yoast_head":"<!-- This site is optimized with the Yoast SEO plugin v27.5 - https:\/\/yoast.com\/product\/yoast-seo-wordpress\/ -->\n<title>Cotiza aqu\u00ed<\/title>\n<meta name=\"robots\" content=\"index, follow, max-snippet:-1, max-image-preview:large, max-video-preview:-1\" \/>\n<link rel=\"canonical\" href=\"https:\/\/edifica.com.py\/index.php\/cotiza-aqui\/\" \/>\n<meta property=\"og:locale\" content=\"es_ES\" \/>\n<meta property=\"og:locale:alternate\" content=\"en_US\" \/>\n<meta property=\"og:type\" content=\"article\" \/>\n<meta property=\"og:title\" content=\"Cotiza aqu\u00ed\" \/>\n<meta property=\"og:url\" content=\"https:\/\/edifica.com.py\/index.php\/cotiza-aqui\/\" \/>\n<meta property=\"og:site_name\" content=\"Edifica Inmobiliaria\" \/>\n<meta property=\"article:modified_time\" content=\"2025-10-08T22:56:00+00:00\" \/>\n<meta name=\"twitter:card\" content=\"summary_large_image\" \/>\n<script type=\"application\/ld+json\" class=\"yoast-schema-graph\">{\"@context\":\"https:\\\/\\\/schema.org\",\"@graph\":[{\"@type\":\"WebPage\",\"@id\":\"https:\\\/\\\/edifica.com.py\\\/index.php\\\/cotiza-aqui\\\/\",\"url\":\"https:\\\/\\\/edifica.com.py\\\/index.php\\\/cotiza-aqui\\\/\",\"name\":\"Cotiza aqu\u00ed\",\"isPartOf\":{\"@id\":\"https:\\\/\\\/edifica.com.py\\\/#website\"},\"datePublished\":\"2025-09-28T21:29:46+00:00\",\"dateModified\":\"2025-10-08T22:56:00+00:00\",\"breadcrumb\":{\"@id\":\"https:\\\/\\\/edifica.com.py\\\/index.php\\\/cotiza-aqui\\\/#breadcrumb\"},\"inLanguage\":\"es-ES\",\"potentialAction\":[{\"@type\":\"ReadAction\",\"target\":[\"https:\\\/\\\/edifica.com.py\\\/index.php\\\/cotiza-aqui\\\/\"]}]},{\"@type\":\"BreadcrumbList\",\"@id\":\"https:\\\/\\\/edifica.com.py\\\/index.php\\\/cotiza-aqui\\\/#breadcrumb\",\"itemListElement\":[{\"@type\":\"ListItem\",\"position\":1,\"name\":\"Portada\",\"item\":\"https:\\\/\\\/edifica.com.py\\\/\"},{\"@type\":\"ListItem\",\"position\":2,\"name\":\"Cotiza aqu\u00ed\"}]},{\"@type\":\"WebSite\",\"@id\":\"https:\\\/\\\/edifica.com.py\\\/#website\",\"url\":\"https:\\\/\\\/edifica.com.py\\\/\",\"name\":\"Edifica Inmobiliaria\",\"description\":\"Edifica es una desarrolladora inmobiliaria que nace con la visi\u00f3n de transformar el interior del pa\u00eds a trav\u00e9s de proyectos que eleven la calidad urbana y aporten valor real a las ciudades.\",\"publisher\":{\"@id\":\"https:\\\/\\\/edifica.com.py\\\/#organization\"},\"potentialAction\":[{\"@type\":\"SearchAction\",\"target\":{\"@type\":\"EntryPoint\",\"urlTemplate\":\"https:\\\/\\\/edifica.com.py\\\/?s={search_term_string}\"},\"query-input\":{\"@type\":\"PropertyValueSpecification\",\"valueRequired\":true,\"valueName\":\"search_term_string\"}}],\"inLanguage\":\"es-ES\"},{\"@type\":\"Organization\",\"@id\":\"https:\\\/\\\/edifica.com.py\\\/#organization\",\"name\":\"Edifica Inmobiliaria\",\"url\":\"https:\\\/\\\/edifica.com.py\\\/\",\"logo\":{\"@type\":\"ImageObject\",\"inLanguage\":\"es-ES\",\"@id\":\"https:\\\/\\\/edifica.com.py\\\/#\\\/schema\\\/logo\\\/image\\\/\",\"url\":\"https:\\\/\\\/edifica.com.py\\\/wp-content\\\/uploads\\\/2025\\\/09\\\/Logo_Principal_A-scaled.jpg\",\"contentUrl\":\"https:\\\/\\\/edifica.com.py\\\/wp-content\\\/uploads\\\/2025\\\/09\\\/Logo_Principal_A-scaled.jpg\",\"width\":2560,\"height\":1161,\"caption\":\"Edifica Inmobiliaria\"},\"image\":{\"@id\":\"https:\\\/\\\/edifica.com.py\\\/#\\\/schema\\\/logo\\\/image\\\/\"}}]}<\/script>\n<!-- \/ Yoast SEO plugin. -->","yoast_head_json":{"title":"Cotiza aqu\u00ed","robots":{"index":"index","follow":"follow","max-snippet":"max-snippet:-1","max-image-preview":"max-image-preview:large","max-video-preview":"max-video-preview:-1"},"canonical":"https:\/\/edifica.com.py\/index.php\/cotiza-aqui\/","og_locale":"es_ES","og_type":"article","og_title":"[:es]Cotiza aqu\u00ed[:] - Edifica Inmobiliaria","og_url":"https:\/\/edifica.com.py\/index.php\/cotiza-aqui\/","og_site_name":"Edifica Inmobiliaria","article_modified_time":"2025-10-08T22:56:00+00:00","twitter_card":"summary_large_image","schema":{"@context":"https:\/\/schema.org","@graph":[{"@type":"WebPage","@id":"https:\/\/edifica.com.py\/index.php\/cotiza-aqui\/","url":"https:\/\/edifica.com.py\/index.php\/cotiza-aqui\/","name":"Cotiza aqu\u00ed","isPartOf":{"@id":"https:\/\/edifica.com.py\/#website"},"datePublished":"2025-09-28T21:29:46+00:00","dateModified":"2025-10-08T22:56:00+00:00","breadcrumb":{"@id":"https:\/\/edifica.com.py\/index.php\/cotiza-aqui\/#breadcrumb"},"inLanguage":"es-ES","potentialAction":[{"@type":"ReadAction","target":["https:\/\/edifica.com.py\/index.php\/cotiza-aqui\/"]}]},{"@type":"BreadcrumbList","@id":"https:\/\/edifica.com.py\/index.php\/cotiza-aqui\/#breadcrumb","itemListElement":[{"@type":"ListItem","position":1,"name":"Portada","item":"https:\/\/edifica.com.py\/"},{"@type":"ListItem","position":2,"name":"Cotiza aqu\u00ed"}]},{"@type":"WebSite","@id":"https:\/\/edifica.com.py\/#website","url":"https:\/\/edifica.com.py\/","name":"Edifica Inmobiliaria","description":"Edifica es una desarrolladora inmobiliaria que nace con la visi\u00f3n de transformar el interior del pa\u00eds a trav\u00e9s de proyectos que eleven la calidad urbana y aporten valor real a las ciudades.","publisher":{"@id":"https:\/\/edifica.com.py\/#organization"},"potentialAction":[{"@type":"SearchAction","target":{"@type":"EntryPoint","urlTemplate":"https:\/\/edifica.com.py\/?s={search_term_string}"},"query-input":{"@type":"PropertyValueSpecification","valueRequired":true,"valueName":"search_term_string"}}],"inLanguage":"es-ES"},{"@type":"Organization","@id":"https:\/\/edifica.com.py\/#organization","name":"Edifica Inmobiliaria","url":"https:\/\/edifica.com.py\/","logo":{"@type":"ImageObject","inLanguage":"es-ES","@id":"https:\/\/edifica.com.py\/#\/schema\/logo\/image\/","url":"https:\/\/edifica.com.py\/wp-content\/uploads\/2025\/09\/Logo_Principal_A-scaled.jpg","contentUrl":"https:\/\/edifica.com.py\/wp-content\/uploads\/2025\/09\/Logo_Principal_A-scaled.jpg","width":2560,"height":1161,"caption":"Edifica Inmobiliaria"},"image":{"@id":"https:\/\/edifica.com.py\/#\/schema\/logo\/image\/"}}]}},"_links":{"self":[{"href":"https:\/\/edifica.com.py\/index.php\/wp-json\/wp\/v2\/pages\/40","targetHints":{"allow":["GET"]}}],"collection":[{"href":"https:\/\/edifica.com.py\/index.php\/wp-json\/wp\/v2\/pages"}],"about":[{"href":"https:\/\/edifica.com.py\/index.php\/wp-json\/wp\/v2\/types\/page"}],"author":[{"embeddable":true,"href":"https:\/\/edifica.com.py\/index.php\/wp-json\/wp\/v2\/users\/1"}],"replies":[{"embeddable":true,"href":"https:\/\/edifica.com.py\/index.php\/wp-json\/wp\/v2\/comments?post=40"}],"version-history":[{"count":6,"href":"https:\/\/edifica.com.py\/index.php\/wp-json\/wp\/v2\/pages\/40\/revisions"}],"predecessor-version":[{"id":99,"href":"https:\/\/edifica.com.py\/index.php\/wp-json\/wp\/v2\/pages\/40\/revisions\/99"}],"wp:attachment":[{"href":"https:\/\/edifica.com.py\/index.php\/wp-json\/wp\/v2\/media?parent=40"}],"curies":[{"name":"wp","href":"https:\/\/api.w.org\/{rel}","templated":true}]}}